{"id":81,"date":"2020-09-23T16:20:10","date_gmt":"2020-09-23T14:20:10","guid":{"rendered":"https:\/\/mavair.de\/en\/?page_id=81"},"modified":"2023-09-13T17:41:08","modified_gmt":"2023-09-13T15:41:08","slug":"site-notice","status":"publish","type":"page","link":"https:\/\/mavair.de\/en\/site-notice\/","title":{"rendered":"Site notice"},"content":{"rendered":"<p>[et_pb_section fb_built=&#8221;1&#8243; _builder_version=&#8221;4.16&#8243; _module_preset=&#8221;default&#8221; global_colors_info=&#8221;{}&#8221;][et_pb_row _builder_version=&#8221;4.16&#8243; _module_preset=&#8221;default&#8221; global_colors_info=&#8221;{}&#8221;][et_pb_column type=&#8221;4_4&#8243; _builder_version=&#8221;4.16&#8243; _module_preset=&#8221;default&#8221; global_colors_info=&#8221;{}&#8221;][et_pb_text _builder_version=&#8221;4.22.1&#8243; _module_preset=&#8221;default&#8221; hover_enabled=&#8221;0&#8243; global_colors_info=&#8221;{}&#8221; sticky_enabled=&#8221;0&#8243;]<\/p>\n<h2>Mavenet GmbH<\/h2>\n<p>Altonaer Str. 92<br \/>13581 Berlin<br \/>Deutschland<\/p>\n<p>Tel: <a href=\"phone:+4930398204402\" title=\"+49 30 398 204 402\">+49 30 398 204 402<\/a><br \/>Fax: <a href=\"fax:+4930398204499\" title=\"+49 30 398 204 499\">+49 30 398 204 499<\/a><br \/>E-mail: <a href=\"mailto:zentrale@mavenet-innovations.com\" title=\"zentrale@mavenet-innovations.com\">zentrale@mavenet-innovations.com<\/a><\/p>\n<p><strong>Managing Director:<\/strong><br \/>Franziska Fisches<\/p>\n<p>Commercial register: Local court Charlottenburg, HRB 166140B<\/p>\n<p>Registration number of the EAR: WEEE-Reg.-No. DE69429289<\/p>\n<p>Responsible according to \u00a7 55 RStV:<br \/>Franziska Fisches<br \/>Altonaer Str. 92<br \/>13581 Berlin<\/p>\n<p><em>The European Commission provides an Online Dispute Resolution (OS) platform, which you can find here <a href=\"http:\/\/ec.europa.eu\/consumers\/odr\/\">ec.europa.eu\/consumers\/odr\/<\/a>. Consumers have the possibility to use this platform to settle their disputes.<\/em><br \/><em>For the settlement of disputes arising from a contractual relationship with a consumer or whether such a contractual relationship exists at all, we are obliged to participate in dispute settlement proceedings before a consumer arbitration board. The responsible body is the General Consumer Conciliation Board of the Centre for Conciliation (Zentrum f\u00fcr Schlichtung e.V.), Stra\u00dfburger Stra\u00dfe 8, 77694 Kehl am Rhein, <a href=\"http:\/\/www.verbraucher-schlichter.de\">www.verbraucher-schlichter.de<\/a>. We will participate in dispute resolution proceedings before this body.<\/em><\/p>\n<p><em>Site notice created with Trusted Shops Rechtstexter in cooperation with Wilde Beuger Solmecke Attorneys.<\/em><\/p>\n<p>[\/et_pb_text][\/et_pb_column][\/et_pb_row][\/et_pb_section]<\/p>\n","protected":false},"excerpt":{"rendered":"<p>Mavenet GmbH Altonaer Str. 9213581 BerlinDeutschland Tel: +49 30 398 204 402Fax: +49 30 398 204 499E-mail: zentrale@mavenet-innovations.com Managing Director:Franziska Fisches Commercial register: Local court Charlottenburg, HRB 166140B Registration number of the EAR: WEEE-Reg.-No. DE69429289 Responsible according to \u00a7 55 RStV:Franziska FischesAltonaer Str. 9213581 Berlin The European Commission provides an Online Dispute Resolution (OS) platform, [&hellip;]<\/p>\n","protected":false},"author":1,"featured_media":0,"parent":0,"menu_order":0,"comment_status":"closed","ping_status":"closed","template":"","meta":{"_et_pb_use_builder":"on","_et_pb_old_content":"<!-- wp:divi\/placeholder \/-->","_et_gb_content_width":"","footnotes":""},"class_list":["post-81","page","type-page","status-publish","hentry"],"yoast_head":"<!-- This site is optimized with the Yoast SEO plugin v25.8 - https:\/\/yoast.com\/wordpress\/plugins\/seo\/ -->\n<title>MavAir\u00ae<\/title>\n<meta name=\"description\" content=\"Site notice\" \/>\n<meta name=\"robots\" content=\"index, follow, max-snippet:-1, max-image-preview:large, max-video-preview:-1\" \/>\n<link rel=\"canonical\" href=\"https:\/\/mavair.de\/en\/site-notice\/\" \/>\n<meta property=\"og:locale\" content=\"en_US\" \/>\n<meta property=\"og:type\" content=\"article\" \/>\n<meta property=\"og:title\" content=\"MavAir\u00ae\" \/>\n<meta property=\"og:description\" content=\"Site notice\" \/>\n<meta property=\"og:url\" content=\"https:\/\/mavair.de\/en\/site-notice\/\" \/>\n<meta property=\"og:site_name\" content=\"MavAir\u00ae\" \/>\n<meta property=\"article:modified_time\" content=\"2023-09-13T15:41:08+00:00\" \/>\n<meta name=\"twitter:card\" content=\"summary_large_image\" \/>\n<meta name=\"twitter:label1\" content=\"Est. reading time\" \/>\n\t<meta name=\"twitter:data1\" content=\"1 minute\" \/>\n<script type=\"application\/ld+json\" class=\"yoast-schema-graph\">{\"@context\":\"https:\/\/schema.org\",\"@graph\":[{\"@type\":\"WebPage\",\"@id\":\"https:\/\/mavair.de\/en\/site-notice\/\",\"url\":\"https:\/\/mavair.de\/en\/site-notice\/\",\"name\":\"MavAir\u00ae\",\"isPartOf\":{\"@id\":\"https:\/\/mavair.de\/en\/#website\"},\"datePublished\":\"2020-09-23T14:20:10+00:00\",\"dateModified\":\"2023-09-13T15:41:08+00:00\",\"description\":\"Site notice\",\"breadcrumb\":{\"@id\":\"https:\/\/mavair.de\/en\/site-notice\/#breadcrumb\"},\"inLanguage\":\"en-US\",\"potentialAction\":[{\"@type\":\"ReadAction\",\"target\":[\"https:\/\/mavair.de\/en\/site-notice\/\"]}]},{\"@type\":\"BreadcrumbList\",\"@id\":\"https:\/\/mavair.de\/en\/site-notice\/#breadcrumb\",\"itemListElement\":[{\"@type\":\"ListItem\",\"position\":1,\"name\":\"Startseite\",\"item\":\"https:\/\/mavair.de\/en\/\"},{\"@type\":\"ListItem\",\"position\":2,\"name\":\"Site notice\"}]},{\"@type\":\"WebSite\",\"@id\":\"https:\/\/mavair.de\/en\/#website\",\"url\":\"https:\/\/mavair.de\/en\/\",\"name\":\"MavAir\u00ae\",\"description\":\"Eine weitere Mavenet Health Care Innovations Websites Website\",\"publisher\":{\"@id\":\"https:\/\/mavair.de\/en\/#organization\"},\"potentialAction\":[{\"@type\":\"SearchAction\",\"target\":{\"@type\":\"EntryPoint\",\"urlTemplate\":\"https:\/\/mavair.de\/en\/?s={search_term_string}\"},\"query-input\":{\"@type\":\"PropertyValueSpecification\",\"valueRequired\":true,\"valueName\":\"search_term_string\"}}],\"inLanguage\":\"en-US\"},{\"@type\":\"Organization\",\"@id\":\"https:\/\/mavair.de\/en\/#organization\",\"name\":\"Mavenet GmbH\",\"url\":\"https:\/\/mavair.de\/en\/\",\"logo\":{\"@type\":\"ImageObject\",\"inLanguage\":\"en-US\",\"@id\":\"https:\/\/mavair.de\/en\/#\/schema\/logo\/image\/\",\"url\":\"https:\/\/mavair.de\/en\/wp-content\/uploads\/sites\/3\/2023\/09\/cropped-mavenet-logo-m-black.png\",\"contentUrl\":\"https:\/\/mavair.de\/en\/wp-content\/uploads\/sites\/3\/2023\/09\/cropped-mavenet-logo-m-black.png\",\"width\":512,\"height\":512,\"caption\":\"Mavenet GmbH\"},\"image\":{\"@id\":\"https:\/\/mavair.de\/en\/#\/schema\/logo\/image\/\"}}]}<\/script>\n<!-- \/ Yoast SEO plugin. -->","yoast_head_json":{"title":"MavAir\u00ae","description":"Site notice","robots":{"index":"index","follow":"follow","max-snippet":"max-snippet:-1","max-image-preview":"max-image-preview:large","max-video-preview":"max-video-preview:-1"},"canonical":"https:\/\/mavair.de\/en\/site-notice\/","og_locale":"en_US","og_type":"article","og_title":"MavAir\u00ae","og_description":"Site notice","og_url":"https:\/\/mavair.de\/en\/site-notice\/","og_site_name":"MavAir\u00ae","article_modified_time":"2023-09-13T15:41:08+00:00","twitter_card":"summary_large_image","twitter_misc":{"Est. reading time":"1 minute"},"schema":{"@context":"https:\/\/schema.org","@graph":[{"@type":"WebPage","@id":"https:\/\/mavair.de\/en\/site-notice\/","url":"https:\/\/mavair.de\/en\/site-notice\/","name":"MavAir\u00ae","isPartOf":{"@id":"https:\/\/mavair.de\/en\/#website"},"datePublished":"2020-09-23T14:20:10+00:00","dateModified":"2023-09-13T15:41:08+00:00","description":"Site notice","breadcrumb":{"@id":"https:\/\/mavair.de\/en\/site-notice\/#breadcrumb"},"inLanguage":"en-US","potentialAction":[{"@type":"ReadAction","target":["https:\/\/mavair.de\/en\/site-notice\/"]}]},{"@type":"BreadcrumbList","@id":"https:\/\/mavair.de\/en\/site-notice\/#breadcrumb","itemListElement":[{"@type":"ListItem","position":1,"name":"Startseite","item":"https:\/\/mavair.de\/en\/"},{"@type":"ListItem","position":2,"name":"Site notice"}]},{"@type":"WebSite","@id":"https:\/\/mavair.de\/en\/#website","url":"https:\/\/mavair.de\/en\/","name":"MavAir\u00ae","description":"Eine weitere Mavenet Health Care Innovations Websites Website","publisher":{"@id":"https:\/\/mavair.de\/en\/#organization"},"potentialAction":[{"@type":"SearchAction","target":{"@type":"EntryPoint","urlTemplate":"https:\/\/mavair.de\/en\/?s={search_term_string}"},"query-input":{"@type":"PropertyValueSpecification","valueRequired":true,"valueName":"search_term_string"}}],"inLanguage":"en-US"},{"@type":"Organization","@id":"https:\/\/mavair.de\/en\/#organization","name":"Mavenet GmbH","url":"https:\/\/mavair.de\/en\/","logo":{"@type":"ImageObject","inLanguage":"en-US","@id":"https:\/\/mavair.de\/en\/#\/schema\/logo\/image\/","url":"https:\/\/mavair.de\/en\/wp-content\/uploads\/sites\/3\/2023\/09\/cropped-mavenet-logo-m-black.png","contentUrl":"https:\/\/mavair.de\/en\/wp-content\/uploads\/sites\/3\/2023\/09\/cropped-mavenet-logo-m-black.png","width":512,"height":512,"caption":"Mavenet GmbH"},"image":{"@id":"https:\/\/mavair.de\/en\/#\/schema\/logo\/image\/"}}]}},"_links":{"self":[{"href":"https:\/\/mavair.de\/en\/wp-json\/wp\/v2\/pages\/81","targetHints":{"allow":["GET"]}}],"collection":[{"href":"https:\/\/mavair.de\/en\/wp-json\/wp\/v2\/pages"}],"about":[{"href":"https:\/\/mavair.de\/en\/wp-json\/wp\/v2\/types\/page"}],"author":[{"embeddable":true,"href":"https:\/\/mavair.de\/en\/wp-json\/wp\/v2\/users\/1"}],"replies":[{"embeddable":true,"href":"https:\/\/mavair.de\/en\/wp-json\/wp\/v2\/comments?post=81"}],"version-history":[{"count":6,"href":"https:\/\/mavair.de\/en\/wp-json\/wp\/v2\/pages\/81\/revisions"}],"predecessor-version":[{"id":1473,"href":"https:\/\/mavair.de\/en\/wp-json\/wp\/v2\/pages\/81\/revisions\/1473"}],"wp:attachment":[{"href":"https:\/\/mavair.de\/en\/wp-json\/wp\/v2\/media?parent=81"}],"curies":[{"name":"wp","href":"https:\/\/api.w.org\/{rel}","templated":true}]}}